{"id":158,"date":"2018-11-29T14:34:56","date_gmt":"2018-11-29T19:34:56","guid":{"rendered":"https:\/\/cnrcol.co\/?page_id=158"},"modified":"2023-08-07T18:16:04","modified_gmt":"2023-08-07T23:16:04","slug":"operacion-minas","status":"publish","type":"page","link":"https:\/\/cnrcol.co\/en\/operacion-minas\/","title":{"rendered":"Operaci\u00f3n"},"content":{"rendered":"<h3>Producto \/ Servicio N.\u00b01<\/h3>\t\t\n\t\t\t<p>Lo que hace que tu empresa sea reconocida debe introducirse aqu\u00ed, ya sea que se trate de salchichas o gorras de b\u00e9isbol o erradicaci\u00f3n de murci\u00e9lagos vampiros.<\/p>\n\t<h3>Producto \/ Servicio N.\u00b02<\/h3>\t\t\n\t\t\t<p>\u00bfQu\u00e9 otro art\u00edculo popular vendes o comercializas? Habla sobre el mismo aqu\u00ed, usando frases positivas y memorables, para que los visitantes sientan que no pueden no conseguirlo.<\/p>\n\t<h3>Producto \/ Servicio N.\u00b03<\/h3>\t\t\n\t\t\t<p>No pienses en este producto o servicio como el tercero en discordia, piensa en \u00e9l como el campe\u00f3n ol\u00edmpico que se gan\u00f3 la medalla de bronce entre tus extraordinarios productos\/servicios.<\/p>\n\t\t\t\t<img decoding=\"async\" loading=\"lazy\" src=\"https:\/\/cnrcol.co\/wp-content\/uploads\/2017\/04\/services-1.jpg\" alt=\"services-1\" itemprop=\"image\" height=\"1248\" width=\"1920\" title=\"services-1\"  \/>\n\t\t<h3>Habla m\u00e1s acerca de tus productos aqu\u00ed.<\/h3>\t\t\n\t\t\t<p>Aqu\u00ed puedes contarles a los potenciales clientes m\u00e1s sobre tu empresa, y sobre los servicios que ofreces.. \u00a0Reemplaza esta imagen con una m\u00e1s apropiada para tu empresa.<\/p>\n\t\t<h3>Habla m\u00e1s acerca de tus productos aqu\u00ed.<\/h3>\t\t\n\t\t\t<p>Aqu\u00ed puedes contarles a los potenciales clientes m\u00e1s sobre tu empresa, y sobre los servicios que ofreces.. \u00a0Reemplaza esta imagen con una m\u00e1s apropiada para tu empresa.<\/p>\n\t\t\t\t<img decoding=\"async\" loading=\"lazy\" src=\"https:\/\/cnrcol.co\/wp-content\/uploads\/2017\/04\/services-2.jpg\" alt=\"services-2\" itemprop=\"image\" height=\"1272\" width=\"1920\" title=\"services-2\"  \/>\n\t\t<h3>Siguientes pasos&#8230;<\/h3>\n\t\t<p>Esta debe ser la llamada de acci\u00f3n n\u00famero uno de un potencial cliente, por ejemplo, solicitar una cotizaci\u00f3n o analizar el cat\u00e1logo de tus productos.<\/p>\n\t\t\t<a href=\"\" target=\"_self\" role=\"button\" rel=\"noopener\">\n\t\t\t\t\t\t\tLlamada a la acci\u00f3n\n\t\t\t\t\t<\/a>","protected":false},"excerpt":{"rendered":"","protected":false},"author":2,"featured_media":0,"parent":0,"menu_order":0,"comment_status":"closed","ping_status":"closed","template":"","meta":{"_et_pb_use_builder":"","_et_pb_old_content":"","_et_gb_content_width":""},"yoast_head":"<!-- This site is optimized with the Yoast SEO plugin v21.3 - https:\/\/yoast.com\/wordpress\/plugins\/seo\/ -->\n<title>Operaci\u00f3n - CNR | Colombian Natural Resources<\/title>\n<meta name=\"robots\" content=\"index, follow, max-snippet:-1, max-image-preview:large, max-video-preview:-1\" \/>\n<link rel=\"canonical\" href=\"https:\/\/cnrcol.co\/en\/operacion-minas\/\" \/>\n<meta property=\"og:locale\" content=\"en_US\" \/>\n<meta property=\"og:type\" content=\"article\" \/>\n<meta property=\"og:title\" content=\"Operaci\u00f3n - CNR | Colombian Natural Resources\" \/>\n<meta property=\"og:url\" content=\"https:\/\/cnrcol.co\/en\/operacion-minas\/\" \/>\n<meta property=\"og:site_name\" content=\"CNR | Colombian Natural Resources\" \/>\n<meta property=\"article:modified_time\" content=\"2023-08-07T23:16:04+00:00\" \/>\n<meta property=\"og:image\" content=\"https:\/\/cnrcol.co\/wp-content\/uploads\/2017\/04\/services-1.jpg\" \/>\n<meta name=\"twitter:card\" content=\"summary_large_image\" \/>\n<meta name=\"twitter:label1\" content=\"Est. reading time\" \/>\n\t<meta name=\"twitter:data1\" content=\"1 minute\" \/>\n<script type=\"application\/ld+json\" class=\"yoast-schema-graph\">{\"@context\":\"https:\/\/schema.org\",\"@graph\":[{\"@type\":\"WebPage\",\"@id\":\"https:\/\/cnrcol.co\/operacion-minas\/\",\"url\":\"https:\/\/cnrcol.co\/operacion-minas\/\",\"name\":\"Operaci\u00f3n - CNR | Colombian Natural Resources\",\"isPartOf\":{\"@id\":\"https:\/\/cnrcol.co\/en\/#website\"},\"datePublished\":\"2018-11-29T19:34:56+00:00\",\"dateModified\":\"2023-08-07T23:16:04+00:00\",\"breadcrumb\":{\"@id\":\"https:\/\/cnrcol.co\/operacion-minas\/#breadcrumb\"},\"inLanguage\":\"en-US\",\"potentialAction\":[{\"@type\":\"ReadAction\",\"target\":[\"https:\/\/cnrcol.co\/operacion-minas\/\"]}]},{\"@type\":\"BreadcrumbList\",\"@id\":\"https:\/\/cnrcol.co\/operacion-minas\/#breadcrumb\",\"itemListElement\":[{\"@type\":\"ListItem\",\"position\":1,\"name\":\"Inicio\",\"item\":\"https:\/\/cnrcol.co\/\"},{\"@type\":\"ListItem\",\"position\":2,\"name\":\"Operaci\u00f3n\"}]},{\"@type\":\"WebSite\",\"@id\":\"https:\/\/cnrcol.co\/en\/#website\",\"url\":\"https:\/\/cnrcol.co\/en\/\",\"name\":\"CNR | Colombian Natural Resources\",\"description\":\"CNR\",\"potentialAction\":[{\"@type\":\"SearchAction\",\"target\":{\"@type\":\"EntryPoint\",\"urlTemplate\":\"https:\/\/cnrcol.co\/en\/?s={search_term_string}\"},\"query-input\":\"required name=search_term_string\"}],\"inLanguage\":\"en-US\"}]}<\/script>\n<!-- \/ Yoast SEO plugin. -->","yoast_head_json":{"title":"Operaci\u00f3n - CNR | Colombian Natural Resources","robots":{"index":"index","follow":"follow","max-snippet":"max-snippet:-1","max-image-preview":"max-image-preview:large","max-video-preview":"max-video-preview:-1"},"canonical":"https:\/\/cnrcol.co\/en\/operacion-minas\/","og_locale":"en_US","og_type":"article","og_title":"Operaci\u00f3n - CNR | Colombian Natural Resources","og_url":"https:\/\/cnrcol.co\/en\/operacion-minas\/","og_site_name":"CNR | Colombian Natural Resources","article_modified_time":"2023-08-07T23:16:04+00:00","og_image":[{"url":"https:\/\/cnrcol.co\/wp-content\/uploads\/2017\/04\/services-1.jpg"}],"twitter_card":"summary_large_image","twitter_misc":{"Est. reading time":"1 minute"},"schema":{"@context":"https:\/\/schema.org","@graph":[{"@type":"WebPage","@id":"https:\/\/cnrcol.co\/operacion-minas\/","url":"https:\/\/cnrcol.co\/operacion-minas\/","name":"Operaci\u00f3n - CNR | Colombian Natural Resources","isPartOf":{"@id":"https:\/\/cnrcol.co\/en\/#website"},"datePublished":"2018-11-29T19:34:56+00:00","dateModified":"2023-08-07T23:16:04+00:00","breadcrumb":{"@id":"https:\/\/cnrcol.co\/operacion-minas\/#breadcrumb"},"inLanguage":"en-US","potentialAction":[{"@type":"ReadAction","target":["https:\/\/cnrcol.co\/operacion-minas\/"]}]},{"@type":"BreadcrumbList","@id":"https:\/\/cnrcol.co\/operacion-minas\/#breadcrumb","itemListElement":[{"@type":"ListItem","position":1,"name":"Inicio","item":"https:\/\/cnrcol.co\/"},{"@type":"ListItem","position":2,"name":"Operaci\u00f3n"}]},{"@type":"WebSite","@id":"https:\/\/cnrcol.co\/en\/#website","url":"https:\/\/cnrcol.co\/en\/","name":"CNR | Colombian Natural Resources","description":"CNR","potentialAction":[{"@type":"SearchAction","target":{"@type":"EntryPoint","urlTemplate":"https:\/\/cnrcol.co\/en\/?s={search_term_string}"},"query-input":"required name=search_term_string"}],"inLanguage":"en-US"}]}},"_links":{"self":[{"href":"https:\/\/cnrcol.co\/en\/wp-json\/wp\/v2\/pages\/158"}],"collection":[{"href":"https:\/\/cnrcol.co\/en\/wp-json\/wp\/v2\/pages"}],"about":[{"href":"https:\/\/cnrcol.co\/en\/wp-json\/wp\/v2\/types\/page"}],"author":[{"embeddable":true,"href":"https:\/\/cnrcol.co\/en\/wp-json\/wp\/v2\/users\/2"}],"replies":[{"embeddable":true,"href":"https:\/\/cnrcol.co\/en\/wp-json\/wp\/v2\/comments?post=158"}],"version-history":[{"count":4,"href":"https:\/\/cnrcol.co\/en\/wp-json\/wp\/v2\/pages\/158\/revisions"}],"predecessor-version":[{"id":2067,"href":"https:\/\/cnrcol.co\/en\/wp-json\/wp\/v2\/pages\/158\/revisions\/2067"}],"wp:attachment":[{"href":"https:\/\/cnrcol.co\/en\/wp-json\/wp\/v2\/media?parent=158"}],"curies":[{"name":"wp","href":"https:\/\/api.w.org\/{rel}","templated":true}]}}