{"id":156,"date":"2018-11-29T14:34:56","date_gmt":"2018-11-29T19:34:56","guid":{"rendered":"https:\/\/cnrcol.co\/?page_id=156"},"modified":"2025-07-10T08:49:56","modified_gmt":"2025-07-10T13:49:56","slug":"inicio","status":"publish","type":"page","link":"https:\/\/cnrcol.co\/en\/","title":{"rendered":"Home"},"content":{"rendered":"[et_pb_section][et_pb_row][et_pb_column type=&#8221;4_4&#8243;][et_pb_text]<!-- divi:fl-builder\/layout -->\n[smartslider3 slider=3]\n\t<h4><strong>Our Mision<\/strong><\/h4>\n<p>\u200b\u200bExplore, operate, commercialize, transport and supply coal in an efficient and reliable way, with high safety standards and protection to the environment and communities.<\/p>\n<p><a href=\"https:\/\/cnrcol.co\/wp-content\/uploads\/2018\/12\/mision.jpg\"><img decoding=\"async\" loading=\"lazy\" src=\"https:\/\/cnrcol.co\/wp-content\/uploads\/2018\/12\/mision.jpg\" alt=\"\" width=\"436\" height=\"227\"><\/a><\/p>\n\t<h4><strong>Our Vision<\/strong><\/h4>\nBe recognized in the national and international mining sector, as the safest, most efficient and reliable coal producer and exporter, developing growing strategies, with the highest standards in safety, health, environment and sustainable development that allow us to offer products of excellent quality, demonstrating that we are a company that follows ethical parameters, a defender of human rights, which contributes to the well-being and development of the surrounding communities.\n\t<h4><strong>Personal Data Policy<\/strong><\/h4>\n<p>Committed to complying with the rules and protecting the integrity of our collaborators, we put at your disposition our Personal Data Protection Policy in the following&nbsp;<a href=\"https:\/\/cnrcol.co\/wp-content\/uploads\/2023\/03\/Manual-de-Procedimientos-y-Pol\u00edtica-Protecci\u00f3n-Datos-Personales-V.-CNR.pdf\" target=\"_blank\" rel=\"noopener noreferrer\">link<\/a>.<\/p>\n<p>If you need special attention on the processing of personal data, please fill the following&nbsp;<a href=\"https:\/\/cnrcol.co\/en\/actualizacion-datos\/\">form<\/a>.<\/p>\n\t<h4><strong>Contact Us<\/strong><\/h4>\nCalle 90 N\u00b0 19 &#8211; 41 &#8211; Piso 9&nbsp; Edificio Quantum Business Center<br>\nBogot\u00e1 D. C., Colombia.\n<h4>Location<\/h4>\n<p>CNR is located en the Town of La Loma, Municipality of El Paso In the department of Cesar, In northern Colombia.<\/p>\n<h4><strong>CNR Statement<\/strong><\/h4>\n<strong>We express our rejection of the numerous cases of threats<br>\nand stigmatization <\/strong><a href=\"wp-content\/uploads\/2019\/05\/Comunicado-Conjunto.pdf\">(see attached )<\/a>\n\t\t<h3>Need help?<\/h3>\n\t\t<p>Contact us to the mail<\/p>\n<p><a href=\"mailto:info@cnrcol.com\" target=\"_blank\" rel=\"noopener noreferrer\">info@cnrcol.<wbr>com<\/a><\/p>\n<p><a href=\"mailto:proteccion.datospersonales@cnrcol.com\">proteccion.datospersonales@cnrcol.com<\/a><\/p>\n\t\t\t<a href=\"https:\/\/cnrcol.co\/en\/contactenos\/?fl_builder\" target=\"_self\" role=\"button\" rel=\"noopener noreferrer\">\n\t\t\t\t\t\tContact Us\n\t\t\t\t\t<\/a>\n<!-- \/divi:fl-builder\/layout -->[\/et_pb_text][\/et_pb_column][\/et_pb_row][\/et_pb_section]","protected":false},"excerpt":{"rendered":"<p><div class=\"et_pb_section et_pb_section_0 et_section_regular\" >\n\t\t\t\t\n\t\t\t\t\n\t\t\t\t\n\t\t\t\t\n\t\t\t\t\n\t\t\t\t\n\t\t\t\t\n\t\t\t\t\n\t\t\t\t\n\t\t\t<\/div><div class=\"et_pb_row et_pb_row_0 et_pb_row_empty\">\n\t\t\t\t\n\t\t\t\t\n\t\t\t\t\n\t\t\t\t\n\t\t\t\t\n\t\t\t<\/div><div class=\"et_pb_module et_pb_text et_pb_text_0  et_pb_text_align_left et_pb_bg_layout_light\">\n\t\t\t\t\n\t\t\t\t\n\t\t\t\t\n\t\t\t\t\n\t\t\t\t\n\t\t\t<\/div> [smartslider3 slider=3] Misi\u00f3n \u200bExplorar, operar, comercializar, transportar y suministrar carb\u00f3n de manera eficiente y confiable, \u200b\u200bcon altos est\u00e1ndares de seguridad y protecci\u00f3n al medio ambiente y las comunidades. Visi\u00f3n Ser reconocidos en el sector minero nacional e internacional, como el productor y exportador de carb\u00f3n mas seguro, eficiente y confiable, desarrollando estrategias de crecimiento, [&hellip;]<\/p>","protected":false},"author":2,"featured_media":0,"parent":0,"menu_order":0,"comment_status":"closed","ping_status":"closed","template":"","meta":{"_et_pb_use_builder":"on","_et_pb_old_content":"<!-- wp:fl-builder\/layout -->\n[smartslider3 slider=3]\n\t<h4><strong>Misi\u00f3n<\/strong><\/h4>\n<p>\u200bExplorar, operar, comercializar, transportar y suministrar carb\u00f3n de manera eficiente y confiable, \u200b\u200bcon altos est\u00e1ndares de seguridad y protecci\u00f3n al medio ambiente y las comunidades.<\/p>\n<p><a href=\"https:\/\/cnrcol.co\/wp-content\/uploads\/2018\/12\/mision.jpg\"><img src=\"https:\/\/cnrcol.co\/wp-content\/uploads\/2018\/12\/mision.jpg\" alt=\"\" width=\"436\" height=\"227\"><\/a><\/p>\n\t<h4><strong>Visi\u00f3n<\/strong><\/h4>\nSer reconocidos en el sector minero nacional e internacional, como el productor y exportador de carb\u00f3n mas seguro, eficiente y confiable, desarrollando estrategias de crecimiento, con los est\u00e1ndares m\u00e1s altos en seguridad, salud, ambiente y desarrollo sostenible que nos permiten ofrecer productos de excelente calidad, demostrando que somos una empresa que sigue par\u00e1metros \u00e9ticos, defensora de los derechos humanos, que contribuye al bienestar y desarrollo de las comunidades aleda\u00f1as.\n\t<h4><strong>Pol\u00edtica Protecci\u00f3n de Datos<\/strong><\/h4>\n<p>Comprometidos con el cumplimiento de las normas y con la protecci\u00f3n de la integridad de nuestros colaboradores, ponemos a sus dispocisi\u00f3n nuestra pol\u00edtica de Protecci\u00f3n de Datos Personales en el siguiente&nbsp;<a href=\"https:\/\/cnrcol.co\/wp-content\/uploads\/2023\/03\/Manual-de-Procedimientos-y-Pol\u00edtica-Protecci\u00f3n-Datos-Personales-V.-CNR.pdf\" target=\"_blank\" rel=\"noopener noreferrer\">link<\/a>.<\/p>\n<p>En caso de requerir atenci\u00f3n especial sobre el tratamiento de datos personales, diligencie por favor el siguiente&nbsp;<a href=\"https:\/\/cnrcol.co\/actualizacion-datos\/\">formulario<\/a>.<\/p>\n\t<h4><strong>Cont\u00e1ctenos<\/strong><\/h4>\nCalle 90 N\u00b0 19 - 41 - Piso 9&nbsp; Edificio Quantum Business Center<br>\nBogot\u00e1 D. C., Colombia.\n<h4>Ubicaci\u00f3n<\/h4>\n<p>CNR se encuentra en el corregimiento del paso, Municipio de la Loma en el departamento del Cesar, al norte de Colombia.<\/p>\n<h4><strong>COMUNICADO CNR<\/strong><\/h4>\n<strong>Manifestamos nuestro repudio ante los numerosos casos de amenaza<br>\ny estigmatizaci\u00f3n <\/strong><a href=\"wp-content\/uploads\/2019\/05\/Comunicado-Conjunto.pdf\">(ver Adjunto )<\/a>\n\t\t<h3>\u00bfNecesita ayuda?<\/h3>\n\t\t<p>Contacte con nosotros al correo<\/p>\n<p><a href=\"mailto:info@cnrcol.com\" target=\"_blank\" rel=\"noopener noreferrer\">info@cnrcol.<wbr>com<\/a><\/p>\n<p><a href=\"mailto:proteccion.datospersonales@cnrcol.com\">proteccion.datospersonales@cnrcol.com<\/a><\/p>\n\t\t\t<a href=\"https:\/\/cnrcol.co\/contactenos\/?fl_builder\" target=\"_self\" role=\"button\" rel=\"noopener noreferrer\">\n\t\t\t\t\t\tContacte con nosotros\n\t\t\t\t\t<\/a>\n<!-- \/wp:fl-builder\/layout -->","_et_gb_content_width":""},"yoast_head":"<!-- This site is optimized with the Yoast SEO plugin v21.3 - https:\/\/yoast.com\/wordpress\/plugins\/seo\/ -->\n<title>Inicio - CNR | Colombian Natural Resources<\/title>\n<meta name=\"robots\" content=\"index, follow, max-snippet:-1, max-image-preview:large, max-video-preview:-1\" \/>\n<link rel=\"canonical\" href=\"https:\/\/cnrcol.co\/en\/\" \/>\n<meta property=\"og:locale\" content=\"en_US\" \/>\n<meta property=\"og:type\" content=\"article\" \/>\n<meta property=\"og:title\" content=\"Inicio - CNR | Colombian Natural Resources\" \/>\n<meta property=\"og:description\" content=\"[smartslider3 slider=3] Misi\u00f3n \u200bExplorar, operar, comercializar, transportar y suministrar carb\u00f3n de manera eficiente y confiable, \u200b\u200bcon altos est\u00e1ndares de seguridad y protecci\u00f3n al medio ambiente y las comunidades. Visi\u00f3n Ser reconocidos en el sector minero nacional e internacional, como el productor y exportador de carb\u00f3n mas seguro, eficiente y confiable, desarrollando estrategias de crecimiento, [&hellip;]\" \/>\n<meta property=\"og:url\" content=\"https:\/\/cnrcol.co\/en\/\" \/>\n<meta property=\"og:site_name\" content=\"CNR | Colombian Natural Resources\" \/>\n<meta property=\"article:modified_time\" content=\"2025-07-10T13:49:56+00:00\" \/>\n<meta property=\"og:image\" content=\"https:\/\/cnrcol.co\/wp-content\/uploads\/2018\/12\/mision.jpg\" \/>\n<meta name=\"twitter:card\" content=\"summary_large_image\" \/>\n<meta name=\"twitter:label1\" content=\"Est. reading time\" \/>\n\t<meta name=\"twitter:data1\" content=\"2 minutes\" \/>\n<script type=\"application\/ld+json\" class=\"yoast-schema-graph\">{\"@context\":\"https:\/\/schema.org\",\"@graph\":[{\"@type\":\"WebPage\",\"@id\":\"https:\/\/cnrcol.co\/\",\"url\":\"https:\/\/cnrcol.co\/\",\"name\":\"Inicio - CNR | Colombian Natural Resources\",\"isPartOf\":{\"@id\":\"https:\/\/cnrcol.co\/en\/#website\"},\"datePublished\":\"2018-11-29T19:34:56+00:00\",\"dateModified\":\"2025-07-10T13:49:56+00:00\",\"breadcrumb\":{\"@id\":\"https:\/\/cnrcol.co\/#breadcrumb\"},\"inLanguage\":\"en-US\",\"potentialAction\":[{\"@type\":\"ReadAction\",\"target\":[\"https:\/\/cnrcol.co\/\"]}]},{\"@type\":\"BreadcrumbList\",\"@id\":\"https:\/\/cnrcol.co\/#breadcrumb\",\"itemListElement\":[{\"@type\":\"ListItem\",\"position\":1,\"name\":\"Inicio\",\"item\":\"https:\/\/cnrcol.co\/\"},{\"@type\":\"ListItem\",\"position\":2,\"name\":\"Inicio\"}]},{\"@type\":\"WebSite\",\"@id\":\"https:\/\/cnrcol.co\/en\/#website\",\"url\":\"https:\/\/cnrcol.co\/en\/\",\"name\":\"CNR | Colombian Natural Resources\",\"description\":\"CNR\",\"potentialAction\":[{\"@type\":\"SearchAction\",\"target\":{\"@type\":\"EntryPoint\",\"urlTemplate\":\"https:\/\/cnrcol.co\/en\/?s={search_term_string}\"},\"query-input\":\"required name=search_term_string\"}],\"inLanguage\":\"en-US\"}]}<\/script>\n<!-- \/ Yoast SEO plugin. -->","yoast_head_json":{"title":"Inicio - CNR | Colombian Natural Resources","robots":{"index":"index","follow":"follow","max-snippet":"max-snippet:-1","max-image-preview":"max-image-preview:large","max-video-preview":"max-video-preview:-1"},"canonical":"https:\/\/cnrcol.co\/en\/","og_locale":"en_US","og_type":"article","og_title":"Inicio - CNR | Colombian Natural Resources","og_description":"[smartslider3 slider=3] Misi\u00f3n \u200bExplorar, operar, comercializar, transportar y suministrar carb\u00f3n de manera eficiente y confiable, \u200b\u200bcon altos est\u00e1ndares de seguridad y protecci\u00f3n al medio ambiente y las comunidades. Visi\u00f3n Ser reconocidos en el sector minero nacional e internacional, como el productor y exportador de carb\u00f3n mas seguro, eficiente y confiable, desarrollando estrategias de crecimiento, [&hellip;]","og_url":"https:\/\/cnrcol.co\/en\/","og_site_name":"CNR | Colombian Natural Resources","article_modified_time":"2025-07-10T13:49:56+00:00","og_image":[{"url":"https:\/\/cnrcol.co\/wp-content\/uploads\/2018\/12\/mision.jpg"}],"twitter_card":"summary_large_image","twitter_misc":{"Est. reading time":"2 minutes"},"schema":{"@context":"https:\/\/schema.org","@graph":[{"@type":"WebPage","@id":"https:\/\/cnrcol.co\/","url":"https:\/\/cnrcol.co\/","name":"Inicio - CNR | Colombian Natural Resources","isPartOf":{"@id":"https:\/\/cnrcol.co\/en\/#website"},"datePublished":"2018-11-29T19:34:56+00:00","dateModified":"2025-07-10T13:49:56+00:00","breadcrumb":{"@id":"https:\/\/cnrcol.co\/#breadcrumb"},"inLanguage":"en-US","potentialAction":[{"@type":"ReadAction","target":["https:\/\/cnrcol.co\/"]}]},{"@type":"BreadcrumbList","@id":"https:\/\/cnrcol.co\/#breadcrumb","itemListElement":[{"@type":"ListItem","position":1,"name":"Inicio","item":"https:\/\/cnrcol.co\/"},{"@type":"ListItem","position":2,"name":"Inicio"}]},{"@type":"WebSite","@id":"https:\/\/cnrcol.co\/en\/#website","url":"https:\/\/cnrcol.co\/en\/","name":"CNR | Colombian Natural Resources","description":"CNR","potentialAction":[{"@type":"SearchAction","target":{"@type":"EntryPoint","urlTemplate":"https:\/\/cnrcol.co\/en\/?s={search_term_string}"},"query-input":"required name=search_term_string"}],"inLanguage":"en-US"}]}},"_links":{"self":[{"href":"https:\/\/cnrcol.co\/en\/wp-json\/wp\/v2\/pages\/156"}],"collection":[{"href":"https:\/\/cnrcol.co\/en\/wp-json\/wp\/v2\/pages"}],"about":[{"href":"https:\/\/cnrcol.co\/en\/wp-json\/wp\/v2\/types\/page"}],"author":[{"embeddable":true,"href":"https:\/\/cnrcol.co\/en\/wp-json\/wp\/v2\/users\/2"}],"replies":[{"embeddable":true,"href":"https:\/\/cnrcol.co\/en\/wp-json\/wp\/v2\/comments?post=156"}],"version-history":[{"count":50,"href":"https:\/\/cnrcol.co\/en\/wp-json\/wp\/v2\/pages\/156\/revisions"}],"predecessor-version":[{"id":2850,"href":"https:\/\/cnrcol.co\/en\/wp-json\/wp\/v2\/pages\/156\/revisions\/2850"}],"wp:attachment":[{"href":"https:\/\/cnrcol.co\/en\/wp-json\/wp\/v2\/media?parent=156"}],"curies":[{"name":"wp","href":"https:\/\/api.w.org\/{rel}","templated":true}]}}